{"id":589,"date":"2020-09-10T23:06:47","date_gmt":"2020-09-10T20:06:47","guid":{"rendered":"https:\/\/www.kronan.ax\/startsida\/"},"modified":"2020-09-23T19:52:11","modified_gmt":"2020-09-23T16:52:11","slug":"startsida","status":"publish","type":"page","link":"https:\/\/www.kronan.ax\/fi\/","title":{"rendered":"Etusivu"},"content":{"rendered":"<div id=\"pl-589\"  class=\"panel-layout\" ><div id=\"pg-589-0\"  class=\"panel-grid panel-no-style\" ><div id=\"pgc-589-0-0\"  class=\"panel-grid-cell panel-grid-cell-empty\" ><\/div><div id=\"pgc-589-0-1\"  class=\"panel-grid-cell panel-grid-cell-mobile-last\" ><div id=\"panel-589-0-1-0\" class=\"so-panel widget widget_headline-widget panel-first-child\" data-index=\"0\" >\t\t<h1>Tervetuloa Majatalo Kronaan<\/h1>\n\t\t<div class=\"decoration\"><div class=\"decoration-inside\"><\/div><\/div>\n\t\t<h3><\/h3>\n\t\t<\/div><div id=\"panel-589-0-1-1\" class=\"so-panel widget widget_sow-editor panel-last-child\" data-index=\"1\" ><div class=\"so-widget-sow-editor so-widget-sow-editor-base\">\n<div class=\"siteorigin-widget-tinymce textwidget\">\n\t<p style=\"text-align: center;\">Majatalo Kronan, keskeisess\u00e4 Maarianhaminassa, on majoitus- ja y\u00f6pymisvaihtoehto edulliseen hintaan. Meilt\u00e4 l\u00f6ytyy eri kokoluokan huoneita, aina 1 hengen huonesta 7 hengen huoneeseen. S\u00e4ngyt huoneissa ovat valmiiksi pedattuja. Sijainti aivan sataman kupeessa tekee majatalomme suosituksi. Aamianen sis\u00e4ltyy hintaan huippusesongin aikana ja pihallamme on ilmainen pys\u00e4k\u00f6inti.<\/p>\n<\/div>\n<\/div><\/div><\/div><div id=\"pgc-589-0-2\"  class=\"panel-grid-cell panel-grid-cell-empty\" ><\/div><\/div><div id=\"pg-589-1\"  class=\"panel-grid panel-no-style\" ><div id=\"pgc-589-1-0\"  class=\"panel-grid-cell\" ><div id=\"panel-589-1-0-0\" class=\"so-panel widget widget_circleicon-widget panel-first-child panel-last-child\" data-index=\"2\" >\t\t<div class=\"circle-icon-box circle-icon-position-top circle-icon-hide-box circle-icon-size-small \">\n\t\t\t\t\t\t\t<div class=\"circle-icon-wrapper\">\n\t\t\t\t\t\t\t\t\t\t<a href=\"#boka\" class=\"link-icon\" >\t\t\t\t\t<div class=\"circle-icon icon-style-set\" style=\"background-color: #ddaa1f\">\n\t\t\t\t\t\t\t\t\t\t\t\t\t<div class=\"fa fa-map-marker\" style=\"color: #264900\"><\/div>\n\t\t\t\t\t\t\t\t\t\t\t<\/div> \n\t\t\t\t\t<\/a>\t\t\t\t<\/div>\n\t\t\t\n\t\t\t\t\t\t\t<a href=\"#boka\" class=\"link-title\" >\n\t\t\t\t\t\t\t\t\t\t<h4 >\n\t\t\t\t\tL\u00e4hell\u00e4 kaikkea\t\t\t\t<\/h4>\n\t\t\t\t\t\t\t\t\t\t<\/a>\n\t\t\t\n\t\t\t\t\t\t\t<p class=\"text\" >Majatalo Kronan sijaitsee mukavasti keskeisess\u00e4 Maarianhaminassa; noin 5 minuutin k\u00e4velymatkan p\u00e4\u00e4st\u00e4 satamasta ja noin 10 minuutin k\u00e4velymatkan p\u00e4\u00e4ss\u00e4 keskustasta.<\/p>\n\t\t\t\t\t\t\t\t\t\t<a href=\"#boka\" class=\"more-button\" >Varaa nyt <i><\/i><\/a>\n\t\t\t\t\t<\/div>\n\t\t<\/div><\/div><div id=\"pgc-589-1-1\"  class=\"panel-grid-cell\" ><div id=\"panel-589-1-1-0\" class=\"so-panel widget widget_circleicon-widget panel-first-child panel-last-child\" data-index=\"3\" >\t\t<div class=\"circle-icon-box circle-icon-position-top circle-icon-hide-box circle-icon-size-small \">\n\t\t\t\t\t\t\t<div class=\"circle-icon-wrapper\">\n\t\t\t\t\t\t\t\t\t\t<a href=\"\/rum\/\" class=\"link-icon\" >\t\t\t\t\t<div class=\"circle-icon icon-style-set\" style=\"background-color: #ddaa1f\">\n\t\t\t\t\t\t\t\t\t\t\t\t\t<div class=\"fa fa-bed\" style=\"color: #264900\"><\/div>\n\t\t\t\t\t\t\t\t\t\t\t<\/div> \n\t\t\t\t\t<\/a>\t\t\t\t<\/div>\n\t\t\t\n\t\t\t\t\t\t\t<a href=\"\/rum\/\" class=\"link-title\" >\n\t\t\t\t\t\t\t\t\t\t<h4 >\n\t\t\t\t\tHuoneita kaikille edullisesti\t\t\t\t<\/h4>\n\t\t\t\t\t\t\t\t\t\t<\/a>\n\t\t\t\n\t\t\t\t\t\t\t<p class=\"text\" >Meilt\u00e4 l\u00f6ytyy huoneita joka tilaisuuteen kilpailukykyiseen hintaan. Kronan sopii niin yksinmatkaajalle, perheille sek\u00e4 pienille ett\u00e4 suurille ryhmille.<\/p>\n\t\t\t\t\t\t\t\t\t\t<a href=\"\/rum\/\" class=\"more-button\" >Huoneemme <i><\/i><\/a>\n\t\t\t\t\t<\/div>\n\t\t<\/div><\/div><div id=\"pgc-589-1-2\"  class=\"panel-grid-cell\" ><div id=\"panel-589-1-2-0\" class=\"so-panel widget widget_circleicon-widget panel-first-child panel-last-child\" data-index=\"4\" >\t\t<div class=\"circle-icon-box circle-icon-position-top circle-icon-hide-box circle-icon-size-small \">\n\t\t\t\t\t\t\t<div class=\"circle-icon-wrapper\">\n\t\t\t\t\t\t\t\t\t\t<a href=\"\/hyra-cyklar\/\" class=\"link-icon\" >\t\t\t\t\t<div class=\"circle-icon icon-style-set\" style=\"background-color: #ddaa1f\">\n\t\t\t\t\t\t\t\t\t\t\t\t\t<div class=\"fa fa-bicycle\" style=\"color: #264900\"><\/div>\n\t\t\t\t\t\t\t\t\t\t\t<\/div> \n\t\t\t\t\t<\/a>\t\t\t\t<\/div>\n\t\t\t\n\t\t\t\t\t\t\t<a href=\"\/hyra-cyklar\/\" class=\"link-title\" >\n\t\t\t\t\t\t\t\t\t\t<h4 >\n\t\t\t\t\tKoe Ahvenanmaa py\u00f6r\u00e4ll\u00e4\t\t\t\t<\/h4>\n\t\t\t\t\t\t\t\t\t\t<\/a>\n\t\t\t\n\t\t\t\t\t\t\t<p class=\"text\" >Koe Maarianhamina ja koko Ahvenanmaa py\u00f6r\u00e4ll\u00e4. Meilt\u00e4 voit my\u00f6s vuokrata py\u00f6r\u00e4n edulliseen hintaan.<\/p>\n\t\t\t\t\t\t\t\t\t\t<a href=\"\/hyra-cyklar\/\" class=\"more-button\" >Vuokraa py\u00f6r\u00e4 <i><\/i><\/a>\n\t\t\t\t\t<\/div>\n\t\t<\/div><\/div><\/div><div id=\"pg-589-2\"  class=\"panel-grid panel-has-style\" ><div class=\"siteorigin-panels-stretch panel-row-style-full-width panel-row-style panel-row-style-for-589-2\" id=\"bookingrow\" data-stretch-type=\"full-stretched\" ><div id=\"pgc-589-2-0\"  class=\"panel-grid-cell\" ><div id=\"panel-589-2-0-0\" class=\"so-panel widget widget_headline-widget panel-first-child\" data-index=\"5\" ><div id=\"bookingrow-top\" class=\"panel-widget-style panel-widget-style-for-589-2-0-0\" >\t\t<h1>Varaa majoituksesi t\u00e4st\u00e4<\/h1>\n\t\t<div class=\"decoration\"><div class=\"decoration-inside\"><\/div><\/div>\n\t\t<h3><\/h3>\n\t\t<\/div><\/div><div id=\"panel-589-2-0-1\" class=\"so-panel widget widget_sow-editor\" data-index=\"6\" ><div class=\"so-widget-sow-editor so-widget-sow-editor-base\">\n<div class=\"siteorigin-widget-tinymce textwidget\">\n\t<p style=\"text-align: center;\">Matkustaessanne ryhm\u00e4ss\u00e4, 15 henkil\u00f6\u00e4 tai enemm\u00e4n, ottakaa yhteytt\u00e4 s\u00e4hk\u00f6postitse tai puhelimella sopiaksenne varauksen ja ryhm\u00e4hinnan.<\/p>\n<\/div>\n<\/div><\/div><div id=\"panel-589-2-0-2\" class=\"widget_text so-panel widget widget_custom_html panel-last-child\" data-index=\"7\" ><div class=\"textwidget custom-html-widget\"><script async src=\"https:\/\/secured.sirvoy.com\/widget\/sirvoy.js\" data-form-id=\"59a516e870a35\" data-lang=\"fi\"><\/script><\/div><\/div><\/div><\/div><\/div><div id=\"pg-589-3\"  class=\"panel-grid panel-has-style\" ><div class=\"siteorigin-panels-stretch panel-row-style-full-width panel-row-style panel-row-style-for-589-3\" data-stretch-type=\"full-stretched\" ><div id=\"pgc-589-3-0\"  class=\"panel-grid-cell\" ><div id=\"panel-589-3-0-0\" class=\"so-panel widget widget_sow-google-map panel-first-child panel-last-child\" data-index=\"8\" ><div class=\"so-widget-sow-google-map so-widget-sow-google-map-default-6b23895f316e\">\n<div class=\"sow-google-map-canvas\"\n\tstyle=\"\"\n\tid=\"map-canvas-86b61f13385ae4f6e8df6ae249e9b214\"\n\tdata-options=\"{&quot;address&quot;:&quot;G\\u00e4sthem Kronan&quot;,&quot;zoom&quot;:17,&quot;mobileZoom&quot;:17,&quot;gestureHandling&quot;:&quot;greedy&quot;,&quot;disableUi&quot;:false,&quot;keepCentered&quot;:true,&quot;markerIcon&quot;:&quot;&quot;,&quot;markersDraggable&quot;:false,&quot;markerAtCenter&quot;:true,&quot;markerInfoDisplay&quot;:&quot;mouseover&quot;,&quot;markerInfoMultiple&quot;:true,&quot;markerPositions&quot;:[{&quot;place&quot;:&quot;G\\u00e4sthem Kronan&quot;,&quot;info&quot;:&quot;&quot;,&quot;info_selected_editor&quot;:&quot;tinymce&quot;,&quot;info_max_width&quot;:&quot;&quot;,&quot;custom_marker_icon&quot;:0}],&quot;mapName&quot;:&quot;&quot;,&quot;mapStyles&quot;:&quot;&quot;,&quot;directions&quot;:&quot;&quot;,&quot;apiKey&quot;:&quot;AIzaSyAWmCqSnFIZ07_fehJzfRsLgvxGMepf6FQ&quot;,&quot;breakpoint&quot;:780}\"\n\tdata-fallback-image=\"{&quot;img&quot;:&quot;&quot;}\"><\/div>\n<\/div><\/div><\/div><\/div><\/div><\/div>","protected":false},"excerpt":{"rendered":"<p>Majatalo Kronan, keskeisess\u00e4 Maarianhaminassa, on majoitus- ja y\u00f6pymisvaihtoehto edulliseen hintaan. Meilt\u00e4 l\u00f6ytyy eri kokoluokan huoneita, aina 1 hengen huonesta 7 hengen huoneeseen. S\u00e4ngyt huoneissa ovat valmiiksi pedattuja. Sijainti aivan sataman kupeessa tekee majatalomme suosituksi. Aamianen sis\u00e4ltyy hintaan huippusesongin aikana ja pihallamme on ilmainen pys\u00e4k\u00f6inti.<\/p>\n","protected":false},"author":1,"featured_media":0,"parent":0,"menu_order":0,"comment_status":"closed","ping_status":"closed","template":"home-panels.php","meta":[],"_links":{"self":[{"href":"https:\/\/www.kronan.ax\/fi\/wp-json\/wp\/v2\/pages\/589"}],"collection":[{"href":"https:\/\/www.kronan.ax\/fi\/wp-json\/wp\/v2\/pages"}],"about":[{"href":"https:\/\/www.kronan.ax\/fi\/wp-json\/wp\/v2\/types\/page"}],"author":[{"embeddable":true,"href":"https:\/\/www.kronan.ax\/fi\/wp-json\/wp\/v2\/users\/1"}],"replies":[{"embeddable":true,"href":"https:\/\/www.kronan.ax\/fi\/wp-json\/wp\/v2\/comments?post=589"}],"version-history":[{"count":10,"href":"https:\/\/www.kronan.ax\/fi\/wp-json\/wp\/v2\/pages\/589\/revisions"}],"predecessor-version":[{"id":772,"href":"https:\/\/www.kronan.ax\/fi\/wp-json\/wp\/v2\/pages\/589\/revisions\/772"}],"wp:attachment":[{"href":"https:\/\/www.kronan.ax\/fi\/wp-json\/wp\/v2\/media?parent=589"}],"curies":[{"name":"wp","href":"https:\/\/api.w.org\/{rel}","templated":true}]}}