{"id":598,"date":"2017-12-04T13:59:27","date_gmt":"2017-12-04T11:59:27","guid":{"rendered":"https:\/\/www.kronan.ax\/rum\/"},"modified":"2025-01-26T19:58:48","modified_gmt":"2025-01-26T17:58:48","slug":"varaa-huone","status":"publish","type":"page","link":"https:\/\/www.kronan.ax\/fi\/varaa-huone\/","title":{"rendered":"Varaa huone"},"content":{"rendered":"<div id=\"pl-598\"  class=\"panel-layout\" ><div id=\"pg-598-0\"  class=\"panel-grid panel-no-style\" ><div id=\"pgc-598-0-0\"  class=\"panel-grid-cell\" ><div id=\"panel-598-0-0-0\" class=\"so-panel widget widget_sow-editor panel-first-child panel-last-child\" data-index=\"0\" ><div class=\"so-widget-sow-editor so-widget-sow-editor-base\">\n<div class=\"siteorigin-widget-tinymce textwidget\">\n\t<h1>Huoneemme<\/h1>\n<p>Meilt\u00e4 l\u00f6ytyy tilaa 55 vieraalle yhden, kahdentai useamman hengen huoneissa. Huoneissa on valmiiksi pedatut s\u00e4ngyt, kylpypyyhkeet ja pesulavuaari, suihkut ja wc:t ovat yhteisi\u00e4.<\/p>\n<p>Aamiainen sis\u00e4ltyy edulliseen huonehintaan 01.06-31.08.2024 <\/p>\n<p>Sis\u00e4\u00e4nkirjautuminen normaalisti klo. 14:00 ja huoneiden luovutus viimeist\u00e4\u00e4n klo. 11:00, jos muusta ei ole sovittu.<\/p>\n<\/div>\n<\/div><\/div><\/div><div id=\"pgc-598-0-1\"  class=\"panel-grid-cell\" ><div class=\"panel-cell-style panel-cell-style-for-598-0-1\" ><div id=\"panel-598-0-1-0\" class=\"so-panel widget widget_sow-editor panel-first-child\" data-index=\"1\" ><div class=\"so-widget-sow-editor so-widget-sow-editor-base\"><h3 class=\"widget-title\">Rym\u00e4matkat ja pitk\u00e4aikoismajoitus<\/h3>\n<div class=\"siteorigin-widget-tinymce textwidget\">\n\t<p>Matkustatteko ryhm\u00e4ss\u00e4 ja teit\u00e4 on enemm\u00e4n kuin 15 henke\u00e4? Etsitk\u00f6 pitk\u00e4aikaismajoitusta hiljaisella kaudella? Ota yhteytt\u00e4 lomakkeen, s\u00e4hk\u00f6postin tai puhelimen v\u00e4lityksell\u00e4. Uhteystiedot l\u00f6yd\u00e4t sivun alareunasta.<\/p>\n<\/div>\n<\/div><\/div><div id=\"panel-598-0-1-1\" class=\"so-panel widget widget_sow-button panel-last-child\" data-index=\"2\" ><div class=\"so-widget-sow-button so-widget-sow-button-atom-bae0f959b95f\"><div class=\"ow-button-base ow-button-align-center\">\n\t<a href=\"\/kontakt\/\" class=\"ow-icon-placement-left ow-button-hover\" \t\t>\n\t\t<span>\n\t\t\t<span class=\"sow-icon-fontawesome sow-far\" data-sow-icon=\"&#xf0e0;\"\n\t\tstyle=\"color: #ffffff\" ><\/span>\n\t\t\tOta yhteytt\u00e4\t\t<\/span>\n\t<\/a>\n<\/div>\n<\/div><\/div><\/div><\/div><\/div><div id=\"pg-598-1\"  class=\"panel-grid panel-no-style\" ><div id=\"pgc-598-1-0\"  class=\"panel-grid-cell\" ><div id=\"panel-598-1-0-0\" class=\"so-panel widget widget_sow-image panel-first-child\" data-index=\"3\" ><div class=\"room-img panel-widget-style panel-widget-style-for-598-1-0-0\" ><div class=\"so-widget-sow-image so-widget-sow-image-default-d6014b76747a\">\n\n<div class=\"sow-image-container\">\n\t<img src=\"https:\/\/www.kronan.ax\/wp-content\/uploads\/2017\/12\/1-pers.jpg\" width=\"600\" height=\"450\" srcset=\"https:\/\/www.kronan.ax\/wp-content\/uploads\/2017\/12\/1-pers.jpg 600w, https:\/\/www.kronan.ax\/wp-content\/uploads\/2017\/12\/1-pers-300x225.jpg 300w\" sizes=\"(max-width: 600px) 100vw, 600px\" alt=\"\" \t\tclass=\"so-widget-image\"\/>\n<\/div>\n\n<\/div><\/div><\/div><div id=\"panel-598-1-0-1\" class=\"so-panel widget widget_sow-editor panel-last-child\" data-index=\"4\" ><div class=\"so-widget-sow-editor so-widget-sow-editor-base\">\n<div class=\"siteorigin-widget-tinymce textwidget\">\n\t<h2><span style=\"color: #000000;\">1 hengen huone<\/span><\/h2>\n<p><span style=\"color: #333333;\">S\u00e4nkyvaatteet ja pyyhkeet sis\u00e4ltyv\u00e4t hintaan.<br \/>\nPesulavuaari on huoneessa.<br \/>\nLoppusiivous sis\u00e4ltyy hintaan.<br \/>\nYhteiset suihkut ja k\u00e4ym\u00e4l\u00e4t.<\/span><\/p>\n<\/div>\n<\/div><\/div><\/div><div id=\"pgc-598-1-1\"  class=\"panel-grid-cell\" ><div id=\"panel-598-1-1-0\" class=\"so-panel widget widget_sow-image panel-first-child\" data-index=\"5\" ><div class=\"so-widget-sow-image so-widget-sow-image-default-d6014b76747a\">\n\n<div class=\"sow-image-container\">\n\t<img src=\"https:\/\/www.kronan.ax\/wp-content\/uploads\/2017\/12\/2-pers.jpg\" width=\"600\" height=\"450\" srcset=\"https:\/\/www.kronan.ax\/wp-content\/uploads\/2017\/12\/2-pers.jpg 600w, https:\/\/www.kronan.ax\/wp-content\/uploads\/2017\/12\/2-pers-300x225.jpg 300w\" sizes=\"(max-width: 600px) 100vw, 600px\" alt=\"\" \t\tclass=\"so-widget-image\"\/>\n<\/div>\n\n<\/div><\/div><div id=\"panel-598-1-1-1\" class=\"so-panel widget widget_sow-editor panel-last-child\" data-index=\"6\" ><div class=\"so-widget-sow-editor so-widget-sow-editor-base\">\n<div class=\"siteorigin-widget-tinymce textwidget\">\n\t<h2><span style=\"color: #000000;\">2 henke\u00e4 huone<\/span><\/h2>\n<p><span style=\"color: #333333;\">S\u00e4nkyvaatteet ja pyyhkeet sis\u00e4ltyv\u00e4t hintaan.<br \/>\nPesulavuaari on huoneessa.<br \/>\nLoppusiivous sis\u00e4ltyy hintaan.<br \/>\nYhteiset suihkut ja k\u00e4ym\u00e4l\u00e4t.<\/span><\/p>\n<p>WiFi sis\u00e4ltyy hintaan.<\/p>\n<\/div>\n<\/div><\/div><\/div><div id=\"pgc-598-1-2\"  class=\"panel-grid-cell\" ><div id=\"panel-598-1-2-0\" class=\"so-panel widget widget_sow-image panel-first-child\" data-index=\"7\" ><div class=\"so-widget-sow-image so-widget-sow-image-default-d6014b76747a\">\n\n<div class=\"sow-image-container\">\n\t<img src=\"https:\/\/www.kronan.ax\/wp-content\/uploads\/2017\/12\/3-pers.jpg\" width=\"600\" height=\"450\" srcset=\"https:\/\/www.kronan.ax\/wp-content\/uploads\/2017\/12\/3-pers.jpg 600w, https:\/\/www.kronan.ax\/wp-content\/uploads\/2017\/12\/3-pers-300x225.jpg 300w\" sizes=\"(max-width: 600px) 100vw, 600px\" alt=\"3 personers rum\" \t\tclass=\"so-widget-image\"\/>\n<\/div>\n\n<\/div><\/div><div id=\"panel-598-1-2-1\" class=\"so-panel widget widget_sow-editor panel-last-child\" data-index=\"8\" ><div class=\"so-widget-sow-editor so-widget-sow-editor-base\">\n<div class=\"siteorigin-widget-tinymce textwidget\">\n\t<h2><span style=\"color: #000000;\">3 <\/span><span style=\"color: #000000;\">henke\u00e4 huone<\/span><\/h2>\n<p><span style=\"color: #333333;\">S\u00e4nkyvaatteet ja pyyhkeet sis\u00e4ltyv\u00e4t hintaan.<br \/>\nPesulavuaari on huoneessa.<br \/>\nLoppusiivous sis\u00e4ltyy hintaan.<br \/>\nYhteiset suihkut ja k\u00e4ym\u00e4l\u00e4t.<\/span><\/p>\n<p>WiFi sis\u00e4ltyy hintaan.<\/p>\n<\/div>\n<\/div><\/div><\/div><\/div><div id=\"pg-598-2\"  class=\"panel-grid panel-no-style\" ><div id=\"pgc-598-2-0\"  class=\"panel-grid-cell\" ><div id=\"panel-598-2-0-0\" class=\"so-panel widget widget_sow-image panel-first-child\" data-index=\"9\" ><div class=\"room-img panel-widget-style panel-widget-style-for-598-2-0-0\" ><div class=\"so-widget-sow-image so-widget-sow-image-default-d6014b76747a\">\n\n<div class=\"sow-image-container\">\n\t<img src=\"https:\/\/www.kronan.ax\/wp-content\/uploads\/2017\/12\/4-pers.jpg\" width=\"600\" height=\"450\" srcset=\"https:\/\/www.kronan.ax\/wp-content\/uploads\/2017\/12\/4-pers.jpg 600w, https:\/\/www.kronan.ax\/wp-content\/uploads\/2017\/12\/4-pers-300x225.jpg 300w\" sizes=\"(max-width: 600px) 100vw, 600px\" alt=\"4 personers rum\" \t\tclass=\"so-widget-image\"\/>\n<\/div>\n\n<\/div><\/div><\/div><div id=\"panel-598-2-0-1\" class=\"so-panel widget widget_sow-editor panel-last-child\" data-index=\"10\" ><div class=\"so-widget-sow-editor so-widget-sow-editor-base\">\n<div class=\"siteorigin-widget-tinymce textwidget\">\n\t<h2><span style=\"color: #000000;\">4 <\/span><span style=\"color: #000000;\">henke\u00e4 huone<\/span><\/h2>\n<p><span style=\"color: #333333;\">S\u00e4nkyvaatteet ja pyyhkeet sis\u00e4ltyv\u00e4t hintaan.<br \/>\nPesulavuaari on huoneessa.<br \/>\nLoppusiivous sis\u00e4ltyy hintaan.<br \/>\nYhteiset suihkut ja k\u00e4ym\u00e4l\u00e4t.<\/span><\/p>\n<p>WiFi sis\u00e4ltyy hintaan.<\/p>\n<\/div>\n<\/div><\/div><\/div><div id=\"pgc-598-2-1\"  class=\"panel-grid-cell\" ><div id=\"panel-598-2-1-0\" class=\"so-panel widget widget_sow-image panel-first-child\" data-index=\"11\" ><div class=\"so-widget-sow-image so-widget-sow-image-default-d6014b76747a\">\n\n<div class=\"sow-image-container\">\n\t<img src=\"https:\/\/www.kronan.ax\/wp-content\/uploads\/2017\/12\/5-pers.jpg\" width=\"600\" height=\"450\" srcset=\"https:\/\/www.kronan.ax\/wp-content\/uploads\/2017\/12\/5-pers.jpg 600w, https:\/\/www.kronan.ax\/wp-content\/uploads\/2017\/12\/5-pers-300x225.jpg 300w\" sizes=\"(max-width: 600px) 100vw, 600px\" alt=\"5-b\u00e4ddsrum\" \t\tclass=\"so-widget-image\"\/>\n<\/div>\n\n<\/div><\/div><div id=\"panel-598-2-1-1\" class=\"so-panel widget widget_sow-editor panel-last-child\" data-index=\"12\" ><div class=\"so-widget-sow-editor so-widget-sow-editor-base\">\n<div class=\"siteorigin-widget-tinymce textwidget\">\n\t<h2><span style=\"color: #000000;\">5 <\/span><span style=\"color: #000000;\">henke\u00e4 huone<\/span><\/h2>\n<p><span style=\"color: #333333;\">S\u00e4nkyvaatteet ja pyyhkeet sis\u00e4ltyv\u00e4t hintaan.<br \/>\nPesulavuaari on huoneessa.<br \/>\nLoppusiivous sis\u00e4ltyy hintaan.<br \/>\nYhteiset suihkut ja k\u00e4ym\u00e4l\u00e4t.<\/span><\/p>\n<p>WiFi sis\u00e4ltyy hintaan.<\/p>\n<\/div>\n<\/div><\/div><\/div><div id=\"pgc-598-2-2\"  class=\"panel-grid-cell\" ><div id=\"panel-598-2-2-0\" class=\"so-panel widget widget_sow-image panel-first-child\" data-index=\"13\" ><div class=\"so-widget-sow-image so-widget-sow-image-default-d6014b76747a\">\n\n<div class=\"sow-image-container\">\n\t<img src=\"https:\/\/www.kronan.ax\/wp-content\/uploads\/2017\/12\/6-pers.jpg\" width=\"600\" height=\"450\" srcset=\"https:\/\/www.kronan.ax\/wp-content\/uploads\/2017\/12\/6-pers.jpg 600w, https:\/\/www.kronan.ax\/wp-content\/uploads\/2017\/12\/6-pers-300x225.jpg 300w\" sizes=\"(max-width: 600px) 100vw, 600px\" alt=\"6-b\u00e4ddsrum\" \t\tclass=\"so-widget-image\"\/>\n<\/div>\n\n<\/div><\/div><div id=\"panel-598-2-2-1\" class=\"so-panel widget widget_sow-editor panel-last-child\" data-index=\"14\" ><div class=\"so-widget-sow-editor so-widget-sow-editor-base\">\n<div class=\"siteorigin-widget-tinymce textwidget\">\n\t<h2>6 <span style=\"color: #000000;\">henke\u00e4 huone<\/span><\/h2>\n<p><span style=\"color: #333333;\">S\u00e4nkyvaatteet ja pyyhkeet sis\u00e4ltyv\u00e4t hintaan.<br \/>\nPesulavuaari on huoneessa.<br \/>\nLoppusiivous sis\u00e4ltyy hintaan.<br \/>\nYhteiset suihkut ja k\u00e4ym\u00e4l\u00e4t.<\/span><\/p>\n<p>WiFi sis\u00e4ltyy hintaan.<\/p>\n<\/div>\n<\/div><\/div><\/div><\/div><div id=\"pg-598-3\"  class=\"panel-grid panel-no-style\" ><div id=\"pgc-598-3-0\"  class=\"panel-grid-cell panel-grid-cell-mobile-last\" ><div id=\"panel-598-3-0-0\" class=\"so-panel widget widget_sow-image panel-first-child\" data-index=\"15\" ><div class=\"room-img panel-widget-style panel-widget-style-for-598-3-0-0\" ><div class=\"so-widget-sow-image so-widget-sow-image-default-d6014b76747a\">\n\n<div class=\"sow-image-container\">\n\t<img src=\"https:\/\/www.kronan.ax\/wp-content\/uploads\/2017\/12\/7-pers-e1513286845106.jpg\" width=\"600\" height=\"450\" srcset=\"https:\/\/www.kronan.ax\/wp-content\/uploads\/2017\/12\/7-pers-e1513286845106.jpg 600w, https:\/\/www.kronan.ax\/wp-content\/uploads\/2017\/12\/7-pers-e1513286845106-300x225.jpg 300w\" sizes=\"(max-width: 600px) 100vw, 600px\" title=\"7-pers\" alt=\"7-b\u00e4ddsrum\" \t\tclass=\"so-widget-image\"\/>\n<\/div>\n\n<\/div><\/div><\/div><div id=\"panel-598-3-0-1\" class=\"so-panel widget widget_sow-editor panel-last-child\" data-index=\"16\" ><div class=\"so-widget-sow-editor so-widget-sow-editor-base\">\n<div class=\"siteorigin-widget-tinymce textwidget\">\n\t<h2>7 <span style=\"color: #000000;\">henke\u00e4 huone<\/span><\/h2>\n<p><span style=\"color: #333333;\">S\u00e4nkyvaatteet ja pyyhkeet sis\u00e4ltyv\u00e4t hintaan.<br \/>\nPesulavuaari on huoneessa.<br \/>\nLoppusiivous sis\u00e4ltyy hintaan.<br \/>\nYhteiset suihkut ja k\u00e4ym\u00e4l\u00e4t.<\/span><\/p>\n<p>WiFi sis\u00e4ltyy hintaan.<\/p>\n<\/div>\n<\/div><\/div><\/div><div id=\"pgc-598-3-1\"  class=\"panel-grid-cell panel-grid-cell-empty\" ><\/div><\/div><div id=\"pg-598-4\"  class=\"panel-grid panel-no-style\" ><div id=\"pgc-598-4-0\"  class=\"panel-grid-cell\" ><div id=\"panel-598-4-0-0\" class=\"so-panel widget widget_sow-cta panel-first-child panel-last-child\" data-index=\"17\" ><div class=\"so-widget-sow-cta so-widget-sow-cta-default-02db82cb97b5\"><div class=\"sow-cta-base\">\n\n\t<div class=\"sow-cta-wrapper\">\n\n\t\t<div class=\"sow-cta-text\">\n\t\t\t<h4 class=\"sow-cta-title\">Varaa majoituksesi<\/h4>\n\t\t\t<h5 class=\"sow-cta-subtitle\"> Napsauta painiketta ja t\u00e4yt\u00e4 tietosi varataksesi<\/h5>\n\t\t<\/div>\n\n\t\t<div class=\"so-widget-sow-button so-widget-sow-button-atom-faa5d50081e5\"><div class=\"ow-button-base ow-button-align-center\">\n\t<a href=\"\/boka\/\" class=\"ow-icon-placement-left ow-button-hover\" rel=\"nofollow\" \t\t>\n\t\t<span>\n\t\t\t<span class=\"sow-icon-fontawesome sow-fas\" data-sow-icon=\"&#xf236;\"\n\t\t ><\/span>\n\t\t\tVaraukseen\t\t<\/span>\n\t<\/a>\n<\/div>\n<\/div>\n\t<\/div>\n\n<\/div>\n<\/div><\/div><\/div><\/div><\/div>","protected":false},"excerpt":{"rendered":"<p>Huoneemme Meilt\u00e4 l\u00f6ytyy tilaa 55 vieraalle yhden, kahdentai useamman hengen huoneissa. Huoneissa on valmiiksi pedatut s\u00e4ngyt, kylpypyyhkeet ja pesulavuaari, suihkut ja wc:t ovat yhteisi\u00e4. Aamiainen sis\u00e4ltyy edulliseen huonehintaan 01.06-31.08.2024 Sis\u00e4\u00e4nkirjautuminen normaalisti klo. 14:00 ja huoneiden luovutus viimeist\u00e4\u00e4n klo. 11:00, jos muusta ei ole sovittu. Matkustatteko ryhm\u00e4ss\u00e4 ja teit\u00e4 on enemm\u00e4n kuin 15 henke\u00e4? Etsitk\u00f6 pitk\u00e4aikaismajoitusta [&hellip;]<\/p>\n","protected":false},"author":1,"featured_media":0,"parent":0,"menu_order":0,"comment_status":"closed","ping_status":"closed","template":"templates\/template-full-notitle.php","meta":[],"_links":{"self":[{"href":"https:\/\/www.kronan.ax\/fi\/wp-json\/wp\/v2\/pages\/598"}],"collection":[{"href":"https:\/\/www.kronan.ax\/fi\/wp-json\/wp\/v2\/pages"}],"about":[{"href":"https:\/\/www.kronan.ax\/fi\/wp-json\/wp\/v2\/types\/page"}],"author":[{"embeddable":true,"href":"https:\/\/www.kronan.ax\/fi\/wp-json\/wp\/v2\/users\/1"}],"replies":[{"embeddable":true,"href":"https:\/\/www.kronan.ax\/fi\/wp-json\/wp\/v2\/comments?post=598"}],"version-history":[{"count":12,"href":"https:\/\/www.kronan.ax\/fi\/wp-json\/wp\/v2\/pages\/598\/revisions"}],"predecessor-version":[{"id":1086,"href":"https:\/\/www.kronan.ax\/fi\/wp-json\/wp\/v2\/pages\/598\/revisions\/1086"}],"wp:attachment":[{"href":"https:\/\/www.kronan.ax\/fi\/wp-json\/wp\/v2\/media?parent=598"}],"curies":[{"name":"wp","href":"https:\/\/api.w.org\/{rel}","templated":true}]}}