{"id":650,"date":"2017-12-14T12:48:46","date_gmt":"2017-12-14T10:48:46","guid":{"rendered":"https:\/\/www.kronan.ax\/information\/"},"modified":"2023-12-12T13:56:21","modified_gmt":"2023-12-12T11:56:21","slug":"tiedot","status":"publish","type":"page","link":"https:\/\/www.kronan.ax\/fi\/tiedot\/","title":{"rendered":"Tiedot"},"content":{"rendered":"<div id=\"pl-650\"  class=\"panel-layout\" ><div id=\"pg-650-0\"  class=\"panel-grid panel-no-style\" ><div id=\"pgc-650-0-0\"  class=\"panel-grid-cell\" ><div id=\"panel-650-0-0-0\" class=\"so-panel widget widget_sow-editor panel-first-child panel-last-child\" data-index=\"0\" ><div class=\"so-widget-sow-editor so-widget-sow-editor-base\">\n<div class=\"siteorigin-widget-tinymce textwidget\">\n\t<h1>Tietoa meist\u00e4<\/h1>\n<p>Majatalo Kronan on keskeisell\u00e4 paikalla sijaitseva majatalo Neptunigatan 52 Maarianhaminassa, aivan laivasataman l\u00e4heisyydess\u00e4 k\u00e4velymatka satamasta on vain 3-4 minuuttia.<\/p>\n<p>Olemme joustavia saapumisaikojen suhteen mutta haluamme kuitenkin aina tiet\u00e4\u00e4 jos saapumisajankohta on my\u00f6h\u00e4\u00e4n, joko illalla tai y\u00f6ll\u00e4. Ilmoitat t\u00e4m\u00e4n suunnilleen varauksenteon yhtydess\u00e4 saapumisaikataulussa.<\/p>\n<p>Majatalo Kronan toivottaa tervetulleiksi niin yksinmatkustajat, perheet sek\u00e4 eri kokoiset ryhm\u00e4t. Meilt\u00e4 voi my\u00f6s vuokrata huneen pitemm\u00e4ksi aikaa hiljaisella kaudella (ei kes\u00e4-, hein\u00e4-, elokuussa).<\/p>\n<p>Tarjoamme ryhmille, 15-60 henkil\u00f6\u00e4, huoneet edulliseen hintaan. Huonehintaan sis\u00e4ltyy valmiiksi pedatut s\u00e4ngyt, pyyhkkeet, aamiainen sek\u00e4 loppusiivous. Huoneet ovat eri kokoisia ja s\u00e4nkyjen lukum\u00e4\u00e4r\u00e4 vaihtelee.<\/p>\n<p>Normaali saapumisaika ja avainten luovutus on klo. 14:00 kyseisen\u00e4 p\u00e4iv\u00e4n\u00e4 ja huoneiden luovutus viimeist\u00e4\u00e4n klo. 11:00 jos muusta ei ole sovittu.<\/p>\n<p>Suihkut ja k\u00e4ym\u00e4l\u00e4 ovat yleisiss\u00e4 tiloissa, mutta huoneissa on pesulavuaarit kylm\u00e4ll\u00e4 ja l\u00e4mpm\u00e4ll\u00e4 vedell\u00e4.<\/p>\n<p>Loppusiivous s\u00e4nkyvaatteet sek\u00e4 pyyhkeet sis\u00e4ltyv\u00e4t huonehintaan.<\/p>\n<p>Huoneemme ovat luonnollisesti voimassa olevien s\u00e4\u00e4nn\u00f6sten mukaa savuttomia. Majatalossamme on hiljaisuus klo. 22:00\u00a0 j\u00e4lkeen. Kaikkien vieraiden viihtyvyyden takaamiseksi. Vieraillamme on luonnollisesti oikeus tulla ja menn\u00e4 huoneisiinsa mihin aikaan tahansa, sill\u00e4 jotkut saapuvat majataloon my\u00f6h\u00e4\u00e4n, toiset taas haluavat nauttia l\u00e4mpimist\u00e4 kes\u00e4\u00f6ist\u00e4 ulkona kapungilla. Kello 22:00 j\u00e4lkeen pyyd\u00e4mme kuitenkin liikkaumaan majatalossa hiljaa. N\u00e4in kunnioitamme kaikkien vieraiden y\u00f6unt\u00e4, mik\u00e4 on t\u00e4rke\u00e4\u00e4.<\/p>\n<p>Lue lis\u00e4\u00e4 <a href=\"\/fi\/rum\/\">huoneemme<\/a>.<\/p>\n<h2>Varauss\u00e4\u00e4nn\u00f6kset<\/h2>\n<p><span style=\"font-weight: 400;\">Majoitussi Vieraskoti Kronanissa varataan ja maksetaan helpoimmin t\u00e4m\u00e4n sivuston kautta, se on my\u00f6s edullisin ja turvallisin sek\u00e4 selke\u00e4t varauss\u00e4\u00e4nn\u00f6t ja muut tiedot, varauksenteon j\u00e4lkeen saat v\u00e4litt\u00f6m\u00e4sti s\u00e4hk\u00f6postiisi (jonka annoit varauksen yhteydess\u00e4) vahvistus\/lasku, joka sis\u00e4lt\u00e4\u00e4 kaikki maksutiedot ja Vieraskoti Kronanin IBAN-tilinumeron. Maksat t\u00e4m\u00e4n oman pankkisi kautta samalla tavalla kuin tavalliset laskusi, joten et tarvitse luottokorttia varauksen yhteydess\u00e4.<\/span><\/p>\n<p>Maksut Ruotsista ja muista maista ovat kuin normaali ulkomaanmaksu Suomeen, k\u00e4yt\u00e4t varausvahvistuksesta l\u00f6ytyv\u00e4\u00e4 IBAN-tilinumeroa, mutta joskus asiakkaan on silti otettava yhteytt\u00e4 omaan pankkiinsa ulkomaanmaksun suorittamiseksi.<\/p>\n<p>Varaus tulee maksaa viimeist\u00e4\u00e4n 10 vrk ennen saapumista, jos varaat my\u00f6hemmin kuin 10 vrk ennen saapumista, maksat sen heti.<\/p>\n<p>Voit peruuttaa varauksesi veloituksetta viimeist\u00e4\u00e4n 10 p\u00e4iv\u00e4\u00e4 ennen saapumista, jonka j\u00e4lkeen sinun tulee suorittaa koko maksu.<\/p>\n<p>Varaukset on hyv\u00e4 varata ja maksaa ajoissa, sill\u00e4 huoneet myyd\u00e4\u00e4n nopeasti loppuun.<\/p>\n<p>Suuremmat varaukset ja ryhm\u00e4varaukset maksetaan osapuolten v\u00e4lisen erillisen sopimuksen mukaan, yleisin laskua vastaan, pidemm\u00e4n ajan huonevuokra maksetaan yleens\u00e4 kuukausittain etuk\u00e4teen.<\/p>\n<p>Maksettuja varoja ei hyvitet\u00e4.<\/p>\n<h2>Aamiainen<\/h2>\n<p>1.6 - 31.8.2024 v\u00e4lisen\u00e4 aikana aamiainen sis\u00e4ltyy majatalomme edulliseen huonehintaan. Meill\u00e4 on pieni, kodikas puutarha p\u00f6ytineen ja tuoleineen. Aamukahvi maistuu siell\u00e4 erityisen hyv\u00e4lle, jos s\u00e4\u00e4 vain sallii. Muina aikoina vieraat voivat vapaasti k\u00e4ytt\u00e4\u00e4 majatalon ruokasalia omien ateroiden valmistamiseen. Ruokasalin j\u00e4\u00e4kaappi, astiasto ja muu inventaario on vapaasti k\u00e4ytett\u00e4viss\u00e4.<\/p>\n<p>Aamiainen on ollut vieraidemme suosiossa. Normaalin aamiasip\u00f6yt\u00e4\u00e4mme sis\u00e4ltyy puuroa, muroja, kananmunia, leip\u00e4\u00e4, makkaraa, juustoja, kurkkua, maitoa, mehua, hilloa, kaakota, kahvia ja teet\u00e4. My\u00f6s gluteiinittomia ja laktoosttomia vaihtoehtoja on saatavilla. Vaikeissa allergioissa suosittelemme vieraitamme kuitenkin ottamaan mukaan omat, heille parhaiten soveltuvat elintarvikkeet turvallisuuden takaamiseksi.<\/p>\n<p>Aamiainen tarjoillaan normaalisti klo. 08:00 - 10:00. Ryhm\u00e4varauksissa aamiaisajan kohdasta voidaan sopia erikseen.<\/p>\n<h2>Pys\u00e4k\u00f6inti<\/h2>\n<p>Majatalossa on oma, suojaisa, kylteill\u00e4 merkitty maksuton pys\u00e4k\u00f6intipaikka. Paikkoja ei voi varata etuk\u00e4teen, ne ovat vapaasti vieraiden k\u00e4yt\u00f6ss\u00e4 koko vierailun ajan.<\/p>\n<p>Jos pys\u00e4k\u00f6inti on t\u00e4ynn\u00e4 voi auton pys\u00e4k\u00f6id\u00e4 my\u00f6s l\u00e4hell\u00e4 olevien katunjen varteen. Huomiokaa kuitenkin mahdolliset kieltomerkit.<\/p>\n<p>Kronaa vastap\u00e4\u00e4t\u00e4 oleva pys\u00e4k\u00f6intialle on yksityinen, eik\u00e4 n\u00e4in ollen sallittu majatalon vieraille.<\/p>\n<h2>Py\u00f6ren vuokraus<\/h2>\n<p>Majatalostamme voit my\u00f6s vuokrata py\u00f6r\u00e4n. Py\u00f6rily tapahtuu aina omalla vastuulla. Jos mahdollisia ongelmantilanteit\u00e4 syntyy, kuten esim. rengasrikko, on py\u00f6r\u00e4n vuokraaja itse j\u00e4rjestett\u00e4v\u00e4 kuljetus takaisin majataloon py\u00f6r\u00e4n kanssa. Majatalolla ei ole mahdollisuutta j\u00e4rjest\u00e4\u00e4 kuljetusta.<\/p>\n<p>Jos py\u00f6r\u00e4n mahdollinen vaurioituminen johtuu oy\u00f6r\u00e4n vuokraajan omasta varomattomuudesta, on t\u00e4m\u00e4n korvattava vaurio. Sama p\u00e4tee my\u00f6s jos py\u00f6r\u00e4 varastetaan. T\u00e4m\u00e4 ei normaalisti ole onglema, jos py\u00f6r\u00e4\u00e4 k\u00e4ytet\u00e4\u00e4n tavalista talonpoikaisj\u00e4rke\u00e4 noudattaen.<\/p>\n<p>Lue lis\u00e4\u00e4 <a href=\"\/fi\/hyra-cyklar\/\">py\u00f6rien vuokraus<\/a>.<\/p>\n<h2>Koirat ovat tervetulleita<\/h2>\n<p>Koira on ihmisen paras yst\u00e4v\u00e4. Meill\u00e4 on kokemusta koirista ja toivotamme ne omistajineen tervetulleksi majataloomme. Kaikkien viihtyvyydeksi on koirilla oltava maksuualusta\/viltti tai kuljetush\u00e4kki. Koirat eiv\u00e4t saa nukkua majatalon liinavaatteilla.<\/p>\n<p>Ihmisen paras yst\u00e4v\u00e4 tarkoittaa my\u00f6skin hieman lis\u00e4ty\u00f6t\u00e4 henkil\u00f6kunnalle. T\u00e4st\u00e4 johtuen joudumme veloittamaan lemmikist\u00e4nne 5 \u20ac\/koira\/y\u00f6. Olemme varmoja ettoi omistajalla ei ole mit\u00e4\u00e4n vastaan t\u00e4t\u00e4 vaatimatonta summaa parhaasta yst\u00e4v\u00e4st\u00e4\u00e4n.<\/p>\n<p>Koiria ei saa mist\u00e4\u00e4n syyst\u00e4 j\u00e4tt\u00e4\u00e4 yksin huoneeseen.<\/p>\n<p>Koirat varataan ja maksetaan samaan aikaan huoneen kanssa.<\/p>\n<h2>Majatalomme<\/h2>\n<p>Majatalo Kronan on syntyper\u00e4lt\u00e4\u00e4n yksi vanhimmista majoituspaikoista Maarianhaminassa. Vuosikymmeni\u00e4 se on paivellut tuhansia matkaajia. Majataloa hoitaa perheyritys Danielsson joka yhdess\u00e4 henkil\u00f6kunnan kanssa toivottaa kaikki vieraat tervetulleiksi.<\/p>\n<p>Tavoitteenamme on tarjota edullista majoituspalvelua keskeisess\u00e4 Maarianhaminassa, painopisteena juuri edullisuus. T\u00e4st- johtuen meill\u00e4 ei ole mahdollisuutta tarjota ymp\u00e4ri vuorokautista henkil\u00f6kuntaa eik\u00e4 my\u00f6sk\u00e4\u00e4n viimeisint\u00e4 moderna hotellitasoa.<\/p>\n<p>Majataloimme on majoittanut tuhansia matkaajia vuosien varrella ja suurin osa vieraistamme ovat olleet eritt\u00e4in tyytyv\u00e4isi\u00e4. Siit\u00e4 kertoo kaikki ne vieraat jotka vuosi vuoden j\u00e4lkeen palaavat takaisin majataloomme. Uskallamme v\u00e4itt\u00e4\u00e4 ett\u00e4 Kronan on houkutteleva ja kiinnostava majoitusvaihtoehto kaikille niille, jotka eiv\u00e4t kaipaa luxusta vaan kodikkuutta ja hyv\u00e4\u00e4 palvelua edulliseen hintaan. Kaikille muille suosttelemme kaupungin ylellisempi\u00e4 hotelleja.<\/p>\n<p>Toivtamme teid\u00e4t l\u00e4mpim\u00e4sti tervetulleiksi viihtym\u00e4\u00e4n luonamme Majatalo Kronanissa, Maarianhaminassa, Ahvenanmaalla.<\/p>\n<p>Yst\u00e4v\u00e4llisin terveisin,<\/p>\n<p>Majatalo Kronan<\/p>\n<\/div>\n<\/div><\/div><\/div><div id=\"pgc-650-0-1\"  class=\"panel-grid-cell\" ><div id=\"panel-650-0-1-0\" class=\"so-panel widget widget_sow-image-grid panel-first-child panel-last-child\" data-index=\"1\" ><div class=\"so-widget-sow-image-grid so-widget-sow-image-grid-default-c51e448a0a62\">\t<div class=\"sow-image-grid-wrapper\"\n\t\t\t\t>\n\t\t\t\t\t<div class=\"sow-image-grid-image\">\n\t\t\t\t\t\t\t\t<img width=\"720\" height=\"380\" src=\"https:\/\/www.kronan.ax\/wp-content\/uploads\/2017\/11\/image.aspx_-720x380.jpeg\" class=\"sow-image-grid-image_html\" alt=\"\" loading=\"lazy\" title=\"\" \/>\t\t\t\t\t\t\t<\/div>\n\t\t\t\t\t<div class=\"sow-image-grid-image\">\n\t\t\t\t\t\t\t\t<img width=\"720\" height=\"380\" src=\"https:\/\/www.kronan.ax\/wp-content\/uploads\/2017\/11\/image-2.aspx_-720x380.jpeg\" class=\"sow-image-grid-image_html\" alt=\"\" loading=\"lazy\" title=\"image-2.aspx\" \/>\t\t\t\t\t\t\t<\/div>\n\t\t\t\t\t<div class=\"sow-image-grid-image\">\n\t\t\t\t\t\t\t\t<img width=\"720\" height=\"380\" src=\"https:\/\/www.kronan.ax\/wp-content\/uploads\/2017\/12\/24-720x380.jpg\" class=\"sow-image-grid-image_html\" alt=\"\" loading=\"lazy\" title=\"\" \/>\t\t\t\t\t\t\t<\/div>\n\t\t\t\t\t<div class=\"sow-image-grid-image\">\n\t\t\t\t\t\t\t\t<img width=\"720\" height=\"380\" src=\"https:\/\/www.kronan.ax\/wp-content\/uploads\/2017\/12\/16-720x380.jpg\" class=\"sow-image-grid-image_html\" alt=\"\" loading=\"lazy\" title=\"\" \/>\t\t\t\t\t\t\t<\/div>\n\t\t\t\t\t<div class=\"sow-image-grid-image\">\n\t\t\t\t\t\t\t\t<img width=\"720\" height=\"380\" src=\"https:\/\/www.kronan.ax\/wp-content\/uploads\/2017\/12\/110-720x380.jpg\" class=\"sow-image-grid-image_html\" alt=\"\" loading=\"lazy\" title=\"\" \/>\t\t\t\t\t\t\t<\/div>\n\t\t\t\t\t<div class=\"sow-image-grid-image\">\n\t\t\t\t\t\t\t\t<img width=\"720\" height=\"380\" src=\"https:\/\/www.kronan.ax\/wp-content\/uploads\/2017\/12\/3-720x380.jpg\" class=\"sow-image-grid-image_html\" alt=\"\" loading=\"lazy\" title=\"\" \/>\t\t\t\t\t\t\t<\/div>\n\t\t\t<\/div>\n<\/div><\/div><\/div><\/div><\/div>","protected":false},"excerpt":{"rendered":"<p>Tietoa meist\u00e4 Majatalo Kronan on keskeisell\u00e4 paikalla sijaitseva majatalo Neptunigatan 52 Maarianhaminassa, aivan laivasataman l\u00e4heisyydess\u00e4 k\u00e4velymatka satamasta on vain 3-4 minuuttia. Olemme joustavia saapumisaikojen suhteen mutta haluamme kuitenkin aina tiet\u00e4\u00e4 jos saapumisajankohta on my\u00f6h\u00e4\u00e4n, joko illalla tai y\u00f6ll\u00e4. Ilmoitat t\u00e4m\u00e4n suunnilleen varauksenteon yhtydess\u00e4 saapumisaikataulussa. Majatalo Kronan toivottaa tervetulleiksi niin yksinmatkustajat, perheet sek\u00e4 eri kokoiset ryhm\u00e4t. [&hellip;]<\/p>\n","protected":false},"author":1,"featured_media":0,"parent":0,"menu_order":0,"comment_status":"closed","ping_status":"closed","template":"templates\/template-full-notitle.php","meta":[],"_links":{"self":[{"href":"https:\/\/www.kronan.ax\/fi\/wp-json\/wp\/v2\/pages\/650"}],"collection":[{"href":"https:\/\/www.kronan.ax\/fi\/wp-json\/wp\/v2\/pages"}],"about":[{"href":"https:\/\/www.kronan.ax\/fi\/wp-json\/wp\/v2\/types\/page"}],"author":[{"embeddable":true,"href":"https:\/\/www.kronan.ax\/fi\/wp-json\/wp\/v2\/users\/1"}],"replies":[{"embeddable":true,"href":"https:\/\/www.kronan.ax\/fi\/wp-json\/wp\/v2\/comments?post=650"}],"version-history":[{"count":21,"href":"https:\/\/www.kronan.ax\/fi\/wp-json\/wp\/v2\/pages\/650\/revisions"}],"predecessor-version":[{"id":1044,"href":"https:\/\/www.kronan.ax\/fi\/wp-json\/wp\/v2\/pages\/650\/revisions\/1044"}],"wp:attachment":[{"href":"https:\/\/www.kronan.ax\/fi\/wp-json\/wp\/v2\/media?parent=650"}],"curies":[{"name":"wp","href":"https:\/\/api.w.org\/{rel}","templated":true}]}}